{"id":25,"date":"2023-08-05T14:37:26","date_gmt":"2023-08-05T12:37:26","guid":{"rendered":"https:\/\/planet-trekking.com\/?page_id=25"},"modified":"2023-09-03T15:11:04","modified_gmt":"2023-09-03T13:11:04","slug":"vivez-votre-aventure-grandeur-nature","status":"publish","type":"page","link":"https:\/\/planet-trekking.com\/","title":{"rendered":"Planet Trekking"},"content":{"rendered":"<p style=\"padding-left: 15px; padding-right: 15px;\" align=\"justify\">Voyagez au sommet de l&#8217;aventure. Explorez les <strong>plus beaux<\/strong> <strong>chemins de randonn\u00e9e d&#8217;Europe<\/strong> et go\u00fbtez \u00e0 l&#8217;essence de l&#8217;\u00e9merveillement. Notre expertise vous accompagne \u00e0 travers des destinations exceptionnelles, o\u00f9 chaque instant se d\u00e9voile comme une \u0153uvre d&#8217;art naturelle.<\/p>\n<p style=\"text-align: center;\"><strong>Votre aventure, notre orchestration.<\/strong><\/p>\n<p>\u00a0<\/p>\n\n\n<div style=\"height:55px\" aria-hidden=\"true\" class=\"wp-block-spacer\"><\/div>\n\n\n\n<div class=\"wp-block-group alignfull has-background\" style=\"background-color:#e5e9ec\"><div class=\"wp-block-group__inner-container is-layout-flow wp-block-group-is-layout-flow\">\n<div class=\"wp-block-columns is-layout-flex wp-container-core-columns-is-layout-1 wp-block-columns-is-layout-flex\">\n<div class=\"wp-block-column is-vertically-aligned-center is-layout-flow wp-block-column-is-layout-flow\">\n<p style=\"font-size:24px\"><strong>Qui sommes nous ?<\/strong><\/p>\n\n\n\n<p align=\"justify\">\u00c0 l&#8217;\u00e2me de chaque sommet, une <strong>passion infinie<\/strong>. Notre amour pour la montagne guide votre chemin.<br \/>D\u00e9couvrez notre \u00e9quipe et notre vision.<\/p>\n\n\n\n<div class=\"wp-block-buttons is-horizontal is-content-justification-left is-layout-flex wp-container-core-buttons-is-layout-1 wp-block-buttons-is-layout-flex\">\n<div class=\"wp-block-button is-style-outline is-style-outline--679a7b9b58de0f8b207c01edd85a1439\"><a class=\"wp-block-button__link wp-element-button\" href=\"https:\/\/planet-trekking.com\/index.php\/a-propos\/\">A propos de nous<\/a><\/div>\n<\/div>\n\n\n\n<p><\/p>\n<\/div>\n\n\n\n<div class=\"wp-block-column is-layout-flow wp-block-column-is-layout-flow\">\n<div style=\"height:48px\" aria-hidden=\"true\" class=\"wp-block-spacer\"><\/div>\n\n\n\n<figure class=\"wp-block-image size-large\"><img loading=\"lazy\" decoding=\"async\" width=\"1280\" height=\"960\" src=\"https:\/\/planet-trekking.com\/wp-content\/uploads\/2023\/08\/WhatsApp-Image-2023-08-06-at-08.19.02-2-edited.jpeg\" alt=\"\" class=\"wp-image-154\" srcset=\"https:\/\/planet-trekking.com\/wp-content\/uploads\/2023\/08\/WhatsApp-Image-2023-08-06-at-08.19.02-2-edited.jpeg 1280w, https:\/\/planet-trekking.com\/wp-content\/uploads\/2023\/08\/WhatsApp-Image-2023-08-06-at-08.19.02-2-edited-300x225.jpeg 300w, https:\/\/planet-trekking.com\/wp-content\/uploads\/2023\/08\/WhatsApp-Image-2023-08-06-at-08.19.02-2-edited-1024x768.jpeg 1024w, https:\/\/planet-trekking.com\/wp-content\/uploads\/2023\/08\/WhatsApp-Image-2023-08-06-at-08.19.02-2-edited-768x576.jpeg 768w\" sizes=\"(max-width: 1280px) 100vw, 1280px\" \/><\/figure>\n<\/div>\n<\/div>\n<\/div><\/div>\n\n\n\n<div class=\"wp-block-group\"><div class=\"wp-block-group__inner-container is-layout-constrained wp-block-group-is-layout-constrained\"><\/div><\/div>\n\n\n\n<div class=\"wp-block-group alignfull\"><div class=\"wp-block-group__inner-container is-layout-flow wp-block-group-is-layout-flow\">\n<div class=\"wp-block-columns are-vertically-aligned-center is-layout-flex wp-container-core-columns-is-layout-2 wp-block-columns-is-layout-flex\">\n<div class=\"wp-block-column is-vertically-aligned-center is-layout-flow wp-block-column-is-layout-flow\">\n<div style=\"height:48px\" aria-hidden=\"true\" class=\"wp-block-spacer\"><\/div>\n\n\n\n<figure class=\"wp-block-image size-large\"><img loading=\"lazy\" decoding=\"async\" width=\"1280\" height=\"960\" src=\"https:\/\/planet-trekking.com\/wp-content\/uploads\/2023\/08\/WhatsApp-Image-2023-08-06-at-08.19.03-1-edited.jpeg\" alt=\"\" class=\"wp-image-155\" srcset=\"https:\/\/planet-trekking.com\/wp-content\/uploads\/2023\/08\/WhatsApp-Image-2023-08-06-at-08.19.03-1-edited.jpeg 1280w, https:\/\/planet-trekking.com\/wp-content\/uploads\/2023\/08\/WhatsApp-Image-2023-08-06-at-08.19.03-1-edited-300x225.jpeg 300w, https:\/\/planet-trekking.com\/wp-content\/uploads\/2023\/08\/WhatsApp-Image-2023-08-06-at-08.19.03-1-edited-1024x768.jpeg 1024w, https:\/\/planet-trekking.com\/wp-content\/uploads\/2023\/08\/WhatsApp-Image-2023-08-06-at-08.19.03-1-edited-768x576.jpeg 768w\" sizes=\"(max-width: 1280px) 100vw, 1280px\" \/><\/figure>\n<\/div>\n\n\n\n<div class=\"wp-block-column is-vertically-aligned-center is-layout-flow wp-block-column-is-layout-flow\">\n<p style=\"font-size:24px\"><strong><strong>D\u00e9couvrez<\/strong>&nbsp; nos tours<\/strong><\/p>\n\n\n\n<p align=\"&quot;justify\">Partez \u00e0 la d\u00e9couverte de nos circuits uniques et sur mesures. <strong>Construisez<\/strong> <strong>votre aventure<\/strong>.<\/p>\n\n\n\n<div class=\"wp-block-buttons is-layout-flex wp-block-buttons-is-layout-flex\">\n<div class=\"wp-block-button is-style-outline is-style-outline--c7cac1615ad10c1678e99909f6e384ca\"><a class=\"wp-block-button__link wp-element-button\" href=\"https:\/\/planet-trekking.com\/index.php\/nos-tours\/\">NOS TOURS<\/a><\/div>\n<\/div>\n<\/div>\n<\/div>\n<\/div><\/div>\n\n\n\n<div class=\"wp-block-group alignfull has-background\" style=\"background-color:#5caec3\"><div class=\"wp-block-group__inner-container is-layout-flow wp-block-group-is-layout-flow\">\n<h2 class=\"wp-block-heading has-text-align-center has-white-color has-text-color\">Gallerie<\/h2>\n\n\n\n<div class=\"wp-block-group\"><div class=\"wp-block-group__inner-container is-layout-constrained wp-block-group-is-layout-constrained\"><\/div><\/div>\n\n\n\n<figure class=\"wp-block-gallery has-nested-images columns-default is-cropped wp-block-gallery-1 is-layout-flex wp-block-gallery-is-layout-flex\">\n<figure class=\"wp-block-image size-large\"><img loading=\"lazy\" decoding=\"async\" width=\"1024\" height=\"683\" src=\"http:\/\/planet-trekking.com\/wp-content\/uploads\/2023\/08\/WhatsApp-Image-2023-08-06-at-08.19.02-1-1024x683.jpeg\" alt=\"\" class=\"wp-image-124\" srcset=\"https:\/\/planet-trekking.com\/wp-content\/uploads\/2023\/08\/WhatsApp-Image-2023-08-06-at-08.19.02-1-1024x683.jpeg 1024w, https:\/\/planet-trekking.com\/wp-content\/uploads\/2023\/08\/WhatsApp-Image-2023-08-06-at-08.19.02-1-300x200.jpeg 300w, https:\/\/planet-trekking.com\/wp-content\/uploads\/2023\/08\/WhatsApp-Image-2023-08-06-at-08.19.02-1-768x512.jpeg 768w, https:\/\/planet-trekking.com\/wp-content\/uploads\/2023\/08\/WhatsApp-Image-2023-08-06-at-08.19.02-1.jpeg 1450w\" sizes=\"(max-width: 1024px) 100vw, 1024px\" \/><\/figure>\n\n\n\n<figure class=\"wp-block-image size-large\"><img loading=\"lazy\" decoding=\"async\" width=\"1024\" height=\"669\" src=\"http:\/\/planet-trekking.com\/wp-content\/uploads\/2023\/08\/WhatsApp-Image-2023-08-06-at-08.19.03-1024x669.jpeg\" alt=\"\" class=\"wp-image-125\" srcset=\"https:\/\/planet-trekking.com\/wp-content\/uploads\/2023\/08\/WhatsApp-Image-2023-08-06-at-08.19.03-1024x669.jpeg 1024w, https:\/\/planet-trekking.com\/wp-content\/uploads\/2023\/08\/WhatsApp-Image-2023-08-06-at-08.19.03-300x196.jpeg 300w, https:\/\/planet-trekking.com\/wp-content\/uploads\/2023\/08\/WhatsApp-Image-2023-08-06-at-08.19.03-768x502.jpeg 768w, https:\/\/planet-trekking.com\/wp-content\/uploads\/2023\/08\/WhatsApp-Image-2023-08-06-at-08.19.03.jpeg 1136w\" sizes=\"(max-width: 1024px) 100vw, 1024px\" \/><\/figure>\n\n\n\n<figure class=\"wp-block-image size-large\"><img loading=\"lazy\" decoding=\"async\" width=\"1024\" height=\"768\" src=\"http:\/\/planet-trekking.com\/wp-content\/uploads\/2023\/08\/WhatsApp-Image-2023-08-06-at-08.29.26-1-1024x768.jpeg\" alt=\"\" class=\"wp-image-188\" srcset=\"https:\/\/planet-trekking.com\/wp-content\/uploads\/2023\/08\/WhatsApp-Image-2023-08-06-at-08.29.26-1-1024x768.jpeg 1024w, https:\/\/planet-trekking.com\/wp-content\/uploads\/2023\/08\/WhatsApp-Image-2023-08-06-at-08.29.26-1-300x225.jpeg 300w, https:\/\/planet-trekking.com\/wp-content\/uploads\/2023\/08\/WhatsApp-Image-2023-08-06-at-08.29.26-1-768x576.jpeg 768w, https:\/\/planet-trekking.com\/wp-content\/uploads\/2023\/08\/WhatsApp-Image-2023-08-06-at-08.29.26-1-1536x1152.jpeg 1536w, https:\/\/planet-trekking.com\/wp-content\/uploads\/2023\/08\/WhatsApp-Image-2023-08-06-at-08.29.26-1.jpeg 1600w\" sizes=\"(max-width: 1024px) 100vw, 1024px\" \/><\/figure>\n\n\n\n<figure class=\"wp-block-image size-large\"><img loading=\"lazy\" decoding=\"async\" width=\"1280\" height=\"960\" src=\"https:\/\/planet-trekking.com\/wp-content\/uploads\/2023\/08\/WhatsApp-Image-2023-08-06-at-08.29.25-1-1-edited.jpeg\" alt=\"\" class=\"wp-image-192\" srcset=\"https:\/\/planet-trekking.com\/wp-content\/uploads\/2023\/08\/WhatsApp-Image-2023-08-06-at-08.29.25-1-1-edited.jpeg 1280w, https:\/\/planet-trekking.com\/wp-content\/uploads\/2023\/08\/WhatsApp-Image-2023-08-06-at-08.29.25-1-1-edited-300x225.jpeg 300w, https:\/\/planet-trekking.com\/wp-content\/uploads\/2023\/08\/WhatsApp-Image-2023-08-06-at-08.29.25-1-1-edited-1024x768.jpeg 1024w, https:\/\/planet-trekking.com\/wp-content\/uploads\/2023\/08\/WhatsApp-Image-2023-08-06-at-08.29.25-1-1-edited-768x576.jpeg 768w\" sizes=\"(max-width: 1280px) 100vw, 1280px\" \/><\/figure>\n\n\n\n<figure class=\"wp-block-image size-large\"><img loading=\"lazy\" decoding=\"async\" width=\"1199\" height=\"899\" src=\"https:\/\/planet-trekking.com\/wp-content\/uploads\/2023\/08\/WhatsApp-Image-2023-08-06-at-08.19.02-edited-3.jpeg\" alt=\"\" class=\"wp-image-194\" srcset=\"https:\/\/planet-trekking.com\/wp-content\/uploads\/2023\/08\/WhatsApp-Image-2023-08-06-at-08.19.02-edited-3.jpeg 1199w, https:\/\/planet-trekking.com\/wp-content\/uploads\/2023\/08\/WhatsApp-Image-2023-08-06-at-08.19.02-edited-3-300x225.jpeg 300w, https:\/\/planet-trekking.com\/wp-content\/uploads\/2023\/08\/WhatsApp-Image-2023-08-06-at-08.19.02-edited-3-1024x768.jpeg 1024w, https:\/\/planet-trekking.com\/wp-content\/uploads\/2023\/08\/WhatsApp-Image-2023-08-06-at-08.19.02-edited-3-768x576.jpeg 768w\" sizes=\"(max-width: 1199px) 100vw, 1199px\" \/><\/figure>\n\n\n\n<figure class=\"wp-block-image size-large\"><img loading=\"lazy\" decoding=\"async\" width=\"1280\" height=\"960\" src=\"https:\/\/planet-trekking.com\/wp-content\/uploads\/2023\/08\/WhatsApp-Image-2023-08-06-at-08.29.25-edited-2.jpeg\" alt=\"\" class=\"wp-image-205\" srcset=\"https:\/\/planet-trekking.com\/wp-content\/uploads\/2023\/08\/WhatsApp-Image-2023-08-06-at-08.29.25-edited-2.jpeg 1280w, https:\/\/planet-trekking.com\/wp-content\/uploads\/2023\/08\/WhatsApp-Image-2023-08-06-at-08.29.25-edited-2-300x225.jpeg 300w, https:\/\/planet-trekking.com\/wp-content\/uploads\/2023\/08\/WhatsApp-Image-2023-08-06-at-08.29.25-edited-2-1024x768.jpeg 1024w, https:\/\/planet-trekking.com\/wp-content\/uploads\/2023\/08\/WhatsApp-Image-2023-08-06-at-08.29.25-edited-2-768x576.jpeg 768w\" sizes=\"(max-width: 1280px) 100vw, 1280px\" \/><\/figure>\n<\/figure>\n\n\n\n<div class=\"wp-block-buttons is-content-justification-center is-layout-flex wp-container-core-buttons-is-layout-3 wp-block-buttons-is-layout-flex\">\n<div class=\"wp-block-button is-style-outline is-style-outline--8def944b84eae37858e92c73f8bb7aa9\"><a class=\"wp-block-button__link wp-element-button\" href=\"https:\/\/planet-trekking.com\/index.php\/photos\/\">photos<\/a><\/div>\n<\/div>\n<\/div><\/div>\n\n\n\n<div class=\"wp-block-cover alignfull is-light has-parallax is-position-center-center\" style=\"min-height:375px;background-image:url(https:\/\/planet-trekking.com\/wp-content\/uploads\/2023\/08\/cropped-marc-kargel-qb3Z5BfiAgg-unsplash-scaled-1.jpg);aspect-ratio:unset;\"><span aria-hidden=\"true\" class=\"wp-block-cover__background has-black-background-color has-background-dim-40 has-background-dim\"><\/span><div class=\"wp-block-cover__inner-container is-layout-flow wp-block-cover-is-layout-flow\">\n<div class=\"wp-block-group\"><div class=\"wp-block-group__inner-container is-layout-constrained wp-block-group-is-layout-constrained\">\n<p class=\"has-text-align-center has-text-color has-huge-font-size\" style=\"color:#fffffa;line-height:1.1\"><strong>Partez&nbsp;\u00e0 l&#8217;aventure avec nous<\/strong><\/p>\n\n\n\n<p class=\"has-text-align-center has-white-color has-text-color\">Contactez-nous, nous nous chargons de tout. <br>\u00c0 votre service pour donner vie \u00e0 vos r\u00eaves de montagne.<\/p>\n<\/div><\/div>\n\n\n\n<div class=\"wp-block-buttons is-horizontal is-content-justification-center is-layout-flex wp-container-core-buttons-is-layout-4 wp-block-buttons-is-layout-flex\">\n<div class=\"wp-block-button is-style-outline is-style-outline--635a4a743ae8d888b1de2e414847c1f9\"><a class=\"wp-block-button__link has-white-color has-text-color wp-element-button\" href=\"https:\/\/planet-trekking.com\/index.php\/contact\/\">Contact<\/a><\/div>\n<\/div>\n<\/div><\/div>\n","protected":false},"excerpt":{"rendered":"<p>Voyagez au sommet de l&#8217;aventure. Explorez les plus beaux chemins de randonn\u00e9e d&#8217;Europe et go\u00fbtez \u00e0 l&#8217;essence de l&#8217;\u00e9merveillement. Notre expertise vous accompagne \u00e0 travers des destinations exceptionnelles, o\u00f9 chaque instant se d\u00e9voile comme une \u0153uvre d&#8217;art naturelle. Votre aventure, notre orchestration. \u00a0 Qui sommes nous ? \u00c0 l&#8217;\u00e2me de chaque sommet, une passion infinie. &hellip; <\/p>\n<p class=\"link-more\"><a href=\"https:\/\/planet-trekking.com\/\" class=\"more-link\">Read more<span class=\"screen-reader-text\"> &#8220;Planet Trekking&#8221;<\/span><\/a><\/p>\n","protected":false},"author":1,"featured_media":30,"parent":0,"menu_order":0,"comment_status":"closed","ping_status":"closed","template":"","meta":{"_monsterinsights_skip_tracking":false,"_monsterinsights_sitenote_active":false,"_monsterinsights_sitenote_note":"","_monsterinsights_sitenote_category":0,"footnotes":""},"class_list":["post-25","page","type-page","status-publish","has-post-thumbnail","hentry"],"aioseo_notices":[],"_links":{"self":[{"href":"https:\/\/planet-trekking.com\/index.php\/wp-json\/wp\/v2\/pages\/25"}],"collection":[{"href":"https:\/\/planet-trekking.com\/index.php\/wp-json\/wp\/v2\/pages"}],"about":[{"href":"https:\/\/planet-trekking.com\/index.php\/wp-json\/wp\/v2\/types\/page"}],"author":[{"embeddable":true,"href":"https:\/\/planet-trekking.com\/index.php\/wp-json\/wp\/v2\/users\/1"}],"replies":[{"embeddable":true,"href":"https:\/\/planet-trekking.com\/index.php\/wp-json\/wp\/v2\/comments?post=25"}],"version-history":[{"count":78,"href":"https:\/\/planet-trekking.com\/index.php\/wp-json\/wp\/v2\/pages\/25\/revisions"}],"predecessor-version":[{"id":742,"href":"https:\/\/planet-trekking.com\/index.php\/wp-json\/wp\/v2\/pages\/25\/revisions\/742"}],"wp:featuredmedia":[{"embeddable":true,"href":"https:\/\/planet-trekking.com\/index.php\/wp-json\/wp\/v2\/media\/30"}],"wp:attachment":[{"href":"https:\/\/planet-trekking.com\/index.php\/wp-json\/wp\/v2\/media?parent=25"}],"curies":[{"name":"wp","href":"https:\/\/api.w.org\/{rel}","templated":true}]}}